{"id":742,"date":"2021-04-29T11:13:20","date_gmt":"2021-04-29T11:13:20","guid":{"rendered":"https:\/\/arritmados.com\/colaboracions\/"},"modified":"2022-11-28T10:48:02","modified_gmt":"2022-11-28T10:48:02","slug":"colaboracions","status":"publish","type":"page","link":"https:\/\/arritmados.com\/ca\/colaboracions\/","title":{"rendered":"Colaboracions"},"content":{"rendered":"<p>[et_pb_section fb_built=&#8221;1&#8243; _builder_version=&#8221;4.16&#8243; _module_preset=&#8221;default&#8221; background_color=&#8221;RGBA(0,0,0,0)&#8221; global_colors_info=&#8221;{}&#8221;][et_pb_row _builder_version=&#8221;4.16&#8243; _module_preset=&#8221;default&#8221; global_colors_info=&#8221;{}&#8221;][et_pb_column type=&#8221;4_4&#8243; _builder_version=&#8221;4.16&#8243; _module_preset=&#8221;default&#8221; global_colors_info=&#8221;{}&#8221;][et_pb_text _builder_version=&#8221;4.16&#8243; _module_preset=&#8221;default&#8221; text_orientation=&#8221;center&#8221; max_width=&#8221;900px&#8221; module_alignment=&#8221;center&#8221; global_colors_info=&#8221;{}&#8221;]<\/p>\n<p style=\"text-align: left;\">\u00a0<\/p>\n<p style=\"text-align: left;\"><strong>Entitats colaboradores<\/strong><\/p>\n<p style=\"text-align: left;\">\u00a0<\/p>\n<p style=\"text-align: left;\">\u00a0<\/p>\n<p style=\"text-align: left;\">\u00a0<\/p>\n<p style=\"text-align: left;\"><strong>2022 <\/strong><\/p>\n<p style=\"text-align: left;\">Per la producci\u00f3 de Pa i circ, la companyia ha rebut una ajuda per a la producci\u00f3 d&#8217;espectacles de 16.458 \u20ac per part de l&#8217;Institut Valenci\u00e0 de Cultura i una ajuda de 4.307 \u20ac de l&#8217;Ajuntament de Val\u00e8ncia.<strong><br \/><\/strong><\/p>\n<p style=\"text-align: left;\">\u00a0<\/p>\n<h6 style=\"text-align: left;\"><strong>2020<\/strong><\/h6>\n<p style=\"text-align: left;\">Per\u00a0 la producci\u00f3 de 10.852, la companyia ha rebut una ajuda de producci\u00f3 d&#8217;espectacles de circ de 29.493\u20ac per part de l&#8217;Institut valenci\u00e0 de cultura i 4.918,81\u20ac de l&#8217;Ajuntament de Val\u00e8ncia.<\/p>\n<p style=\"text-align: left;\">Tamb\u00e9 ha rebut, una ajuda per al manteniment de les estructures empresarials de les arts esc\u00e8niques per part de l&#8217;INAEM de 8.000\u20ac.<\/p>\n<h2 style=\"text-align: left;\"><strong><span dir=\"ltr\" style=\"left: 367.587px; top: 232.072px; font-size: 18.3px; font-family: sans-serif; transform: scaleX(1.00267);\">2019<\/span><\/strong><\/h2>\n<p style=\"text-align: left;\">La companyia Arritmados ha rebut 3.000\u20ac d&#8217;INAEM per al suport de la gira de l&#8217;espectacle Reparteix amor.<\/p>\n<p style=\"text-align: left;\"><strong><span dir=\"ltr\" style=\"left: 367.587px; top: 232.072px; font-size: 18.3px; font-family: sans-serif; transform: scaleX(1.00267);\">2018<\/span><\/strong><\/p>\n<p style=\"text-align: left;\">Per a la producci\u00f3 de Jo, p\u00fab(l)ica, la companyia ha rebut una ajuda per a la producci\u00f3 d&#8217;espectacles de circ de 16.749\u20ac per part de l&#8217;Institut valenci\u00e0 de cultura.<\/p>\n<p style=\"text-align: left;\">Tamb\u00e9 ha rebut, una ajuda per a la gira dels seus epectacles de 3.000\u20ac concedida per l&#8217;INAEM.<\/p>\n<p><\/p>\n<p style=\"text-align: left;\">\u00a0<\/p>\n<p style=\"text-align: left;\">\u00a0<\/p>\n<p style=\"text-align: left;\">\u00a0<\/p>\n<p style=\"text-align: left;\">\u00a0<\/p>\n<p style=\"text-align: left;\">\u00a0<\/p>\n<p style=\"text-align: left;\">\u00a0<\/p>\n<p style=\"text-align: left;\">\u00a0<\/p>\n<p style=\"text-align: left;\">\u00a0<\/p>\n<p style=\"text-align: left;\">\u00a0<\/p>\n<p style=\"text-align: left;\">\u00a0<\/p>\n<p style=\"text-align: left;\">\u00a0<\/p>\n<p style=\"text-align: left;\">\u00a0<\/p>\n<p style=\"text-align: left;\">\u00a0<\/p>\n<p style=\"text-align: left;\">\u00a0<\/p>\n<p>[\/et_pb_text][et_pb_image src=&#8221;https:\/\/arritmados.com\/wp-content\/uploads\/2021\/04\/LOGOS-10852-1-copia.png&#8221; title_text=&#8221;LOGOS-10852-1 copia&#8221; _builder_version=&#8221;4.16&#8243; _module_preset=&#8221;default&#8221; global_colors_info=&#8221;{}&#8221;][\/et_pb_image][\/et_pb_column][\/et_pb_row][\/et_pb_section]<\/p>\n","protected":false},"excerpt":{"rendered":"<p>\u00a0 Entitats colaboradores \u00a0 \u00a0 \u00a0 2022 Per la producci\u00f3 de Pa i circ, la companyia ha rebut una ajuda per a la producci\u00f3 d&#8217;espectacles de 16.458 \u20ac per part de l&#8217;Institut Valenci\u00e0 de Cultura i una ajuda de 4.307 \u20ac de l&#8217;Ajuntament de Val\u00e8ncia. \u00a0 2020 Per\u00a0 la producci\u00f3 de 10.852, la companyia ha [&hellip;]<\/p>\n","protected":false},"author":2,"featured_media":0,"parent":0,"menu_order":0,"comment_status":"closed","ping_status":"closed","template":"","meta":{"_acf_changed":false,"_et_pb_use_builder":"on","_et_pb_old_content":"","_et_gb_content_width":"","footnotes":""},"class_list":["post-742","page","type-page","status-publish","hentry"],"acf":[],"_links":{"self":[{"href":"https:\/\/arritmados.com\/ca\/wp-json\/wp\/v2\/pages\/742","targetHints":{"allow":["GET"]}}],"collection":[{"href":"https:\/\/arritmados.com\/ca\/wp-json\/wp\/v2\/pages"}],"about":[{"href":"https:\/\/arritmados.com\/ca\/wp-json\/wp\/v2\/types\/page"}],"author":[{"embeddable":true,"href":"https:\/\/arritmados.com\/ca\/wp-json\/wp\/v2\/users\/2"}],"replies":[{"embeddable":true,"href":"https:\/\/arritmados.com\/ca\/wp-json\/wp\/v2\/comments?post=742"}],"version-history":[{"count":0,"href":"https:\/\/arritmados.com\/ca\/wp-json\/wp\/v2\/pages\/742\/revisions"}],"wp:attachment":[{"href":"https:\/\/arritmados.com\/ca\/wp-json\/wp\/v2\/media?parent=742"}],"curies":[{"name":"wp","href":"https:\/\/api.w.org\/{rel}","templated":true}]}}