{"id":712,"date":"2021-03-09T13:04:17","date_gmt":"2021-03-09T13:04:17","guid":{"rendered":"https:\/\/arritmados.com\/politica-de-cookies\/"},"modified":"2021-03-09T13:04:17","modified_gmt":"2021-03-09T13:04:17","slug":"politica-de-cookies","status":"publish","type":"page","link":"https:\/\/arritmados.com\/ca\/politica-de-cookies\/","title":{"rendered":"Pol\u00edtica de cookies"},"content":{"rendered":"\n<p>Una cookie es un archivo de informaci\u00f3n que el servidor de este sitio web env\u00eda al dispositivo (ordenador, smartphone, tablet, etc.) de quien accede a la p\u00e1gina para almacenar y recuperar informaci\u00f3n sobre la navegaci\u00f3n que se efect\u00faa desde dicho equipo.<\/p>\n\n<p>arritmados.com utiliza diversos tipos de cookies (t\u00e9cnicas, anal\u00edticas y sociales) \u00fanicamente con la finalidad de mejorar la navegaci\u00f3n del usuario en el sitio web, sin ning\u00fan tipo de objeto publicitario o similar.<\/p>\n\n<p>arritmados.com, a trav\u00e9s de las cookies no recoge dato personal alguno. Todas las cookies, salvo las utilizadas por el sistema de estad\u00edsticas Google Analytics son temporales y desaparecen al concluir la sesi\u00f3n.<\/p>\n\n<p>arritmados.com utiliza en este sitio web las cookies que se detallan a continuaci\u00f3n:<\/p>\n\n<figure class=\"wp-block-table\"><table><tbody><tr><td>Tipo<\/td><td>Caducidad<\/td><td>Finalidad<\/td><td>Propias\/Terceros<\/td><\/tr><tr><td>T\u00e9cnica (wordpress_test_cookie)<\/td><td>Sesi\u00f3n<\/td><td>Determina si el usuario acepta la Pol\u00edtica de Cookies.<\/td><td>Propia<\/td><\/tr><tr><td><\/td><td>\u00a0<\/td><td><\/td><td><\/td><\/tr><\/tbody><\/table><\/figure>\n<p>El usuario podr\u00e1, en cualquier momento, elegir qu\u00e9 cookies quiere que funcionen en este sitio web mediante:<\/p>\n\n<ol class=\"wp-block-list\"><li>La configuraci\u00f3n del <strong>navegador<\/strong>; (indicar enlace en cada navegador para habilitar o deshabilitar cookies)<\/li><li>Herramientas de terceros, disponibles on line, que permiten a los usuarios detectar las cookies en cada sitio web que visita y gestionar su desactivaci\u00f3n.<\/li><\/ol>\n<p>Ni esta web, ni sus representantes legales se hacen responsables ni del contenido ni de la veracidad de las pol\u00edticas de privacidad que puedan tener los terceros mencionados en esta pol\u00edtica de cookies.<\/p>\n\n<p>La aceptaci\u00f3n de la presente pol\u00edtica implica que el usuario ha sido informado de una forma clara y completa sobre el uso de dispositivos de almacenamiento y recuperaci\u00f3n de datos (cookies) as\u00ed como que arritmados.com dispone del consentimiento del usuario para el uso de las mismas tal y como establece el art\u00edculo 22 de la Ley 34\/2002, de 11 de julio, de Servicios de la Sociedad de la Informaci\u00f3n y Comercio Electr\u00f3nico (LSSI-CE).<\/p>\n","protected":false},"excerpt":{"rendered":"<p>Una cookie es un archivo de informaci\u00f3n que el servidor de este sitio web env\u00eda al dispositivo (ordenador, smartphone, tablet, etc.) de quien accede a la p\u00e1gina para almacenar y recuperar informaci\u00f3n sobre la navegaci\u00f3n que se efect\u00faa desde dicho equipo. arritmados.com utiliza diversos tipos de cookies (t\u00e9cnicas, anal\u00edticas y sociales) \u00fanicamente con la finalidad [&hellip;]<\/p>\n","protected":false},"author":1,"featured_media":0,"parent":0,"menu_order":0,"comment_status":"closed","ping_status":"closed","template":"","meta":{"_acf_changed":false,"_et_pb_use_builder":"off","_et_pb_old_content":"","_et_gb_content_width":"","footnotes":""},"class_list":["post-712","page","type-page","status-publish","hentry"],"acf":[],"_links":{"self":[{"href":"https:\/\/arritmados.com\/ca\/wp-json\/wp\/v2\/pages\/712","targetHints":{"allow":["GET"]}}],"collection":[{"href":"https:\/\/arritmados.com\/ca\/wp-json\/wp\/v2\/pages"}],"about":[{"href":"https:\/\/arritmados.com\/ca\/wp-json\/wp\/v2\/types\/page"}],"author":[{"embeddable":true,"href":"https:\/\/arritmados.com\/ca\/wp-json\/wp\/v2\/users\/1"}],"replies":[{"embeddable":true,"href":"https:\/\/arritmados.com\/ca\/wp-json\/wp\/v2\/comments?post=712"}],"version-history":[{"count":0,"href":"https:\/\/arritmados.com\/ca\/wp-json\/wp\/v2\/pages\/712\/revisions"}],"wp:attachment":[{"href":"https:\/\/arritmados.com\/ca\/wp-json\/wp\/v2\/media?parent=712"}],"curies":[{"name":"wp","href":"https:\/\/api.w.org\/{rel}","templated":true}]}}