{"id":710,"date":"2021-03-09T11:05:20","date_gmt":"2021-03-09T11:05:20","guid":{"rendered":"https:\/\/arritmados.com\/aviso-legal\/"},"modified":"2021-03-09T13:02:13","modified_gmt":"2021-03-09T13:02:13","slug":"aviso-legal","status":"publish","type":"page","link":"https:\/\/arritmados.com\/ca\/aviso-legal\/","title":{"rendered":"Aviso legal"},"content":{"rendered":"\n<p>En cumplimiento de lo previsto en la Ley 34\/2002, de 11 de julio, de Servicios de la Sociedad de la Informaci\u00f3n y de Comercio Electr\u00f3nico, se pone en conocimiento de los usuarios del sitio web, <a href=\"https:\/\/arritmados.com\">arritmados.com<\/a>, los siguientes datos de informaci\u00f3n general:<\/p>\n\n<p>El prestador de servicios de la sociedad de la informaci\u00f3n es H\u00e8ctor Rodr\u00edguez P\u00e9rez con domicilio en:<\/p>\n\n<p>C\/ Jes\u00fas 73, Val\u00e8ncia<\/p>\n\n<p>NIF n\u00ba 74011674c<\/p>\n\n<p>Los usuarios de <a href=\"https:\/\/arritmados.com\">arritmados.com<\/a> podr\u00e1n establecer una comunicaci\u00f3n directa y efectiva con H\u00e8ctor Rodr\u00edguez P\u00e9rez mediante comunicaci\u00f3n escrita remitida al domicilio indicado en el apartado primero de este Aviso Legal, as\u00ed como utilizando cualquiera de los siguientes medios:<\/p>\n\n<p><br\/>\u2013 E-mail: <a href=\"mailto:info@arritmados.com\">info@arritmados.com<\/a> (*)<\/p>\n\n<p>(*) No se admitir\u00e1 la recepci\u00f3n de datos personales excesivos, no actualizados e incompatibles con la actividad desarrollada por <a href=\"https:\/\/arritmados.com\">arritmados.com<\/a>. Le comunicamos que si la petici\u00f3n por la cual desea establecer una relaci\u00f3n de contacto con H\u00e8ctor Rodr\u00edguez no re\u00fane estos requisitos se proceder\u00e1 a su destrucci\u00f3n autom\u00e1ticamente.<\/p>\n","protected":false},"excerpt":{"rendered":"<p>En cumplimiento de lo previsto en la Ley 34\/2002, de 11 de julio, de Servicios de la Sociedad de la Informaci\u00f3n y de Comercio Electr\u00f3nico, se pone en conocimiento de los usuarios del sitio web, arritmados.com, los siguientes datos de informaci\u00f3n general: El prestador de servicios de la sociedad de la informaci\u00f3n es H\u00e8ctor Rodr\u00edguez [&hellip;]<\/p>\n","protected":false},"author":1,"featured_media":0,"parent":0,"menu_order":0,"comment_status":"closed","ping_status":"closed","template":"","meta":{"_acf_changed":false,"_et_pb_use_builder":"off","_et_pb_old_content":"","_et_gb_content_width":"","footnotes":""},"class_list":["post-710","page","type-page","status-publish","hentry"],"acf":[],"_links":{"self":[{"href":"https:\/\/arritmados.com\/ca\/wp-json\/wp\/v2\/pages\/710","targetHints":{"allow":["GET"]}}],"collection":[{"href":"https:\/\/arritmados.com\/ca\/wp-json\/wp\/v2\/pages"}],"about":[{"href":"https:\/\/arritmados.com\/ca\/wp-json\/wp\/v2\/types\/page"}],"author":[{"embeddable":true,"href":"https:\/\/arritmados.com\/ca\/wp-json\/wp\/v2\/users\/1"}],"replies":[{"embeddable":true,"href":"https:\/\/arritmados.com\/ca\/wp-json\/wp\/v2\/comments?post=710"}],"version-history":[{"count":0,"href":"https:\/\/arritmados.com\/ca\/wp-json\/wp\/v2\/pages\/710\/revisions"}],"wp:attachment":[{"href":"https:\/\/arritmados.com\/ca\/wp-json\/wp\/v2\/media?parent=710"}],"curies":[{"name":"wp","href":"https:\/\/api.w.org\/{rel}","templated":true}]}}