{"id":663,"date":"2021-03-01T10:55:25","date_gmt":"2021-03-01T10:55:25","guid":{"rendered":"https:\/\/arritmados.com\/la-companyia\/"},"modified":"2021-04-29T11:16:50","modified_gmt":"2021-04-29T11:16:50","slug":"la-companyia","status":"publish","type":"page","link":"https:\/\/arritmados.com\/ca\/la-companyia\/","title":{"rendered":"La companyia"},"content":{"rendered":"<p>[et_pb_section fb_built=&#8221;1&#8243; _builder_version=&#8221;4.8.1&#8243; _module_preset=&#8221;default&#8221; background_color=&#8221;RGBA(0,0,0,0)&#8221;][et_pb_row _builder_version=&#8221;4.8.1&#8243; _module_preset=&#8221;default&#8221;][et_pb_column type=&#8221;4_4&#8243; _builder_version=&#8221;4.8.1&#8243; _module_preset=&#8221;default&#8221;][et_pb_image src=&#8221;https:\/\/arritmados.com\/\/wp-content\/uploads\/2021\/01\/la-compania.jpg&#8221; title_text=&#8221;la-companyia&#8221; _builder_version=&#8221;4.8.1&#8243; _module_preset=&#8221;default&#8221;][\/et_pb_image][et_pb_text _builder_version=&#8221;4.8.1&#8243; _module_preset=&#8221;default&#8221; text_orientation=&#8221;center&#8221; max_width=&#8221;900px&#8221; module_alignment=&#8221;center&#8221;]<\/p>\n<p>Arritmados \u00e9s una companyia de circ contemporani creada per H\u00e8ctor Rodr\u00edguez i Julia Mart\u00ednez en l&#8217;any 2010. Amb deu anys de traject\u00f2ria, Arritmados \u00e9s part del sector circense m\u00e9s actiu de la Comunitat Valenciana tant en mat\u00e8ria art\u00edstica com en la promoci\u00f3 i difusi\u00f3 del circ com art esc\u00e8nica de gran valor cultural dins del territori local i nacional. Com a duo art\u00edstic, compten amb dos espectacles de carrer, Reparteix amor (2011) i Men\u00e1s a tru\u00e1 (2013-2015), on q\u00fcestionen des de la comicitat m\u00e9s absurda els rols de g\u00e8nere imposats per la societat. En l&#8217;any 2018 comencen una nova etapa on comencen a madurar la seua pr\u00f2pia veu com a creadors i Julia Mart\u00ednez pren el rol de directora i dramaturga en la recerca col\u00b7lectiva de desenvolupar un discurs transformador i cr\u00edtic des d&#8217;una perspectiva obertament feminista, on el circ \u00e9s l&#8217;eix central. D&#8217;aquesta segona etapa destaquen Yo, P\u00fab(L)ica (2019) i 10.852 (2020) on les disciplines de circ, el teatre, la m\u00fasica en directe, la poesia i la performance es barregen amb les experi\u00e8ncies personals dels i les int\u00e8rprets baix la premissa que &#8220;el personal \u00e9s pol\u00edtic&#8221;. La companyia creix any rere any consolidant un equip cada cop m\u00e9s implicat i nombr\u00f3s. Benjam\u00edn Prati, Carmen D\u00edaz, Elisa Mart\u00ednez, Gast\u00f3n P\u00e1rraga, Mateo Mart\u00ednez, Gloria Guirao, Roseta Plasencia, Carla Chillida s\u00f3n algunes de les persones que contribueixen amb la seua bella i valuosa labor a qu\u00e8 aquest somni continue endavant portant a terme projectes cada cop m\u00e9s ambiciosos tant a nivell art\u00edstic com a nivell pol\u00edtic, a m\u00e9s, compta amb el suport institucional de diverses <a href=\"https:\/\/arritmados.com\/ca\/colaboracions\">entitats col\u00b7laboradores<\/a>. Amb els seus \u00faltims treballs Arritmados pret\u00e9n seguir l&#8217;instint propi replet de ganes d&#8217;investigar, de cercar, de trencar, de fer volar el circ a un univers personal des d&#8217;on poder q\u00fcestionar-nos com int\u00e8rprets i com espectadores de la nostra pr\u00f2pia realitat social. Passen, gaudisquen i reflexionen.<\/p>\n<p>[\/et_pb_text][\/et_pb_column][\/et_pb_row][\/et_pb_section]<\/p>\n","protected":false},"excerpt":{"rendered":"<p>Arritmados \u00e9s una companyia de circ contemporani creada per H\u00e8ctor Rodr\u00edguez i Julia Mart\u00ednez en l&#8217;any 2010. Amb deu anys de traject\u00f2ria, Arritmados \u00e9s part del sector circense m\u00e9s actiu de la Comunitat Valenciana tant en mat\u00e8ria art\u00edstica com en la promoci\u00f3 i difusi\u00f3 del circ com art esc\u00e8nica de gran valor cultural dins del [&hellip;]<\/p>\n","protected":false},"author":1,"featured_media":0,"parent":0,"menu_order":0,"comment_status":"closed","ping_status":"closed","template":"","meta":{"_acf_changed":false,"_et_pb_use_builder":"on","_et_pb_old_content":"","_et_gb_content_width":"","footnotes":""},"class_list":["post-663","page","type-page","status-publish","hentry"],"acf":[],"_links":{"self":[{"href":"https:\/\/arritmados.com\/ca\/wp-json\/wp\/v2\/pages\/663","targetHints":{"allow":["GET"]}}],"collection":[{"href":"https:\/\/arritmados.com\/ca\/wp-json\/wp\/v2\/pages"}],"about":[{"href":"https:\/\/arritmados.com\/ca\/wp-json\/wp\/v2\/types\/page"}],"author":[{"embeddable":true,"href":"https:\/\/arritmados.com\/ca\/wp-json\/wp\/v2\/users\/1"}],"replies":[{"embeddable":true,"href":"https:\/\/arritmados.com\/ca\/wp-json\/wp\/v2\/comments?post=663"}],"version-history":[{"count":0,"href":"https:\/\/arritmados.com\/ca\/wp-json\/wp\/v2\/pages\/663\/revisions"}],"wp:attachment":[{"href":"https:\/\/arritmados.com\/ca\/wp-json\/wp\/v2\/media?parent=663"}],"curies":[{"name":"wp","href":"https:\/\/api.w.org\/{rel}","templated":true}]}}